{"id":2909,"date":"2020-05-25T22:00:11","date_gmt":"2020-05-25T20:00:11","guid":{"rendered":"https:\/\/larovaia.com\/laloggia\/description\/"},"modified":"2024-03-07T15:33:57","modified_gmt":"2024-03-07T13:33:57","slug":"description","status":"publish","type":"page","link":"https:\/\/larovaia.com\/it\/laloggia\/description\/","title":{"rendered":"La Loggia &#8211; Descrizione"},"content":{"rendered":"<p>[et_pb_section fb_built=&#8221;1&#8243; fullwidth=&#8221;on&#8221; _builder_version=&#8221;4.16&#8243; global_colors_info=&#8221;{}&#8221;][et_pb_fullwidth_header title=&#8221;La Loggia&#8221; text_orientation=&#8221;center&#8221; header_fullscreen=&#8221;on&#8221; background_overlay_color=&#8221;rgba(0,0,0,0.37)&#8221; _builder_version=&#8221;4.16&#8243; title_font=&#8221;Oswald|700||on|||||&#8221; title_font_size=&#8221;8vw&#8221; title_letter_spacing=&#8221;15px&#8221; title_line_height=&#8221;1.5em&#8221; content_font=&#8221;||||||||&#8221; content_font_size=&#8221;21px&#8221; background_image=&#8221;https:\/\/larovaia.com\/wp-content\/uploads\/2019\/05\/Laloggia4.jpeg&#8221; parallax=&#8221;on&#8221; parallax_method=&#8221;on&#8221; custom_padding=&#8221;||&#8221; child_filter_brightness=&#8221;200%&#8221; child_filter_contrast=&#8221;200%&#8221; title_font_size_tablet=&#8221;58px&#8221; title_font_size_phone=&#8221;&#8221; title_font_size_last_edited=&#8221;on|desktop&#8221; content_font_size_tablet=&#8221;&#8221; content_font_size_phone=&#8221;&#8221; content_font_size_last_edited=&#8221;on|desktop&#8221; global_colors_info=&#8221;{}&#8221;][\/et_pb_fullwidth_header][\/et_pb_section][et_pb_section fb_built=&#8221;1&#8243; admin_label=&#8221;Hero Section&#8221; _builder_version=&#8221;4.16&#8243; custom_padding=&#8221;0|0px|0px|0px&#8221; global_colors_info=&#8221;{}&#8221;][et_pb_row column_structure=&#8221;1_2,1_2&#8243; make_equal=&#8221;on&#8221; _builder_version=&#8221;4.16&#8243; width=&#8221;100%&#8221; max_width=&#8221;100%&#8221; custom_margin=&#8221;|||&#8221; custom_padding=&#8221;0px|0|0||false|false&#8221; use_custom_width=&#8221;on&#8221; width_unit=&#8221;off&#8221; custom_width_percent=&#8221;100%&#8221; global_colors_info=&#8221;{}&#8221;][et_pb_column type=&#8221;1_2&#8243; _builder_version=&#8221;4.16&#8243; custom_padding=&#8221;100px||100px|&#8221; custom_padding_tablet=&#8221;60px||60px|&#8221; custom_padding_phone=&#8221;&#8221; custom_padding_last_edited=&#8221;on|tablet&#8221; global_colors_info=&#8221;{}&#8221; custom_padding__hover=&#8221;|||&#8221;][et_pb_image src=&#8221;https:\/\/larovaia.com\/wp-content\/uploads\/2019\/05\/c3a_EKgu.jpeg&#8221; align_tablet=&#8221;center&#8221; align_phone=&#8221;&#8221; align_last_edited=&#8221;on|desktop&#8221; _builder_version=&#8221;4.16&#8243; max_width_last_edited=&#8221;off|desktop&#8221; module_alignment=&#8221;center&#8221; custom_margin=&#8221;|-10%||20%&#8221; custom_margin_tablet=&#8221;|10%||10%&#8221; custom_margin_phone=&#8221;&#8221; custom_margin_last_edited=&#8221;on|phone&#8221; custom_padding=&#8221;|||&#8221; animation_style=&#8221;slide&#8221; animation_direction=&#8221;right&#8221; animation_duration=&#8221;1300ms&#8221; animation_delay=&#8221;250ms&#8221; animation_intensity_slide=&#8221;9%&#8221; animation_starting_opacity=&#8221;50%&#8221; box_shadow_style=&#8221;preset3&#8243; box_shadow_blur=&#8221;80px&#8221; global_colors_info=&#8221;{}&#8221;][\/et_pb_image][\/et_pb_column][et_pb_column type=&#8221;1_2&#8243; _builder_version=&#8221;4.16&#8243; custom_padding=&#8221;100px|8%|100px|4%&#8221; custom_padding_tablet=&#8221;60px|10%|60px|10%&#8221; custom_padding_phone=&#8221;&#8221; custom_padding_last_edited=&#8221;on|phone&#8221; global_colors_info=&#8221;{}&#8221; custom_padding__hover=&#8221;|||&#8221;][et_pb_text _builder_version=&#8221;4.16&#8243; text_font=&#8221;||||||||&#8221; header_font=&#8221;||||||||&#8221; header_3_font=&#8221;Karla|700||on|||||&#8221; header_3_text_color=&#8221;#c2ab92&#8243; header_3_font_size=&#8221;16px&#8221; header_3_letter_spacing=&#8221;1px&#8221; background_layout=&#8221;dark&#8221; module_alignment=&#8221;right&#8221; custom_margin=&#8221;40px||20px|&#8221; animation_style=&#8221;zoom&#8221; locked=&#8221;off&#8221; global_colors_info=&#8221;{}&#8221;]<\/p>\n<h3 style=\"text-align: justify;\">ABOUT US<\/h3>\n<p>[\/et_pb_text][et_pb_divider color=&#8221;#c2ab92&#8243; divider_weight=&#8221;2px&#8221; _builder_version=&#8221;4.16&#8243; max_width=&#8221;150px&#8221; height=&#8221;2px&#8221; custom_margin=&#8221;|||&#8221; custom_padding=&#8221;|||-60px&#8221; custom_padding_tablet=&#8221;|0px||&#8221; custom_padding_last_edited=&#8221;off|desktop&#8221; locked=&#8221;off&#8221; global_colors_info=&#8221;{}&#8221;][\/et_pb_divider][et_pb_text _builder_version=&#8221;4.16&#8243; text_font=&#8221;Karla||||||||&#8221; text_font_size=&#8221;18px&#8221; text_line_height=&#8221;1.8em&#8221; header_font=&#8221;||||||||&#8221; header_2_font=&#8221;Cormorant Garamond||||||||&#8221; header_2_font_size=&#8221;40px&#8221; header_2_line_height=&#8221;1.4em&#8221; header_3_font=&#8221;||||||||&#8221; max_width=&#8221;600px&#8221; locked=&#8221;off&#8221; global_colors_info=&#8221;{}&#8221;]<\/p>\n<h2 style=\"text-align: left;\">Un loft senza eguali<\/h2>\n<p style=\"text-align: justify;\">Stare alla Loggia \u00e8 come essere sulla tolda di una nave, sotto per\u00f2 non vi \u00e8 il mare, ma la citt\u00e0 di Firenze.<\/p>\n<p style=\"text-align: justify;\">Da essa si domina tutta la citt\u00e0 ed i suoi monumenti pi\u00f9 belli, grazie alle grandi vetrate che la delimitano su tre lati.<\/p>\n<p style=\"text-align: justify;\">Si ammirano da sud est a sud ovest, la chiesa di San Miniato, il forte Belvedere di Michelangelo, la torre del Bargello, della chiesa della Badia e di Palazzo della Signoria, poi ci si sposta con lo sguardo, per ammirare la cupola di Brunelleschi e il Campanile di Giotto, per finire con la collina di Fiesole situata sul lato nord della casa.<\/p>\n<p style=\"text-align: justify;\">Questo senso del possesso della citt\u00e0 \u00e8 quasi inebriante, il respiro \u00e8 totale e appagante, circondati da tanta bellezza si pu\u00f2 respirare in modo diverso e vivere con una consapevolezza completa. Leggere, ascoltare buona musica, uscire ed essere nel cuore della citt\u00e0 danno un carattere particolare a questa piccola casa eppure cos\u00ec grande. Pochi possono essere a Firenze e dominarla in questa modo sia spiritualmente che praticamente. Nessun rumore arriva alla Loggia, ma basta scendere per essere immersi nella vita quotidiana e conoscere intensamente i capolavori che fanno di Firenze, forse, la citt\u00e0 pi\u00f9 artistica del Mondo.<\/p>\n<p style=\"text-align: justify;\">\n<p style=\"text-align: justify;\">\n<p>[\/et_pb_text][\/et_pb_column][\/et_pb_row][\/et_pb_section][et_pb_section fb_built=&#8221;1&#8243; _builder_version=&#8221;4.16&#8243; custom_padding=&#8221;54px|0px|131px|0px|false|false&#8221; global_colors_info=&#8221;{}&#8221;][et_pb_row column_structure=&#8221;1_2,1_2&#8243; use_custom_gutter=&#8221;on&#8221; gutter_width=&#8221;1&#8243; make_equal=&#8221;on&#8221; _builder_version=&#8221;4.16&#8243; width=&#8221;100%&#8221; max_width=&#8221;100%&#8221; custom_margin=&#8221;0px||0px|&#8221; custom_padding=&#8221;0px|0|0px||false|false&#8221; use_custom_width=&#8221;on&#8221; width_unit=&#8221;off&#8221; custom_width_percent=&#8221;100%&#8221; global_colors_info=&#8221;{}&#8221;][et_pb_column type=&#8221;1_2&#8243; _builder_version=&#8221;4.16&#8243; background_color=&#8221;#ffffff&#8221; custom_padding=&#8221;0px|4%|0px|8%&#8221; custom_padding_tablet=&#8221;60px||60px|&#8221; custom_padding_phone=&#8221;&#8221; custom_padding_last_edited=&#8221;on|tablet&#8221; global_colors_info=&#8221;{}&#8221; custom_padding__hover=&#8221;|||&#8221;][et_pb_text _builder_version=&#8221;4.16&#8243; text_font=&#8221;||||||||&#8221; header_font=&#8221;||||||||&#8221; header_3_font=&#8221;Karla|700||on|||||&#8221; header_3_text_color=&#8221;#c2ab92&#8243; header_3_font_size=&#8221;16px&#8221; header_3_letter_spacing=&#8221;1px&#8221; background_layout=&#8221;dark&#8221; module_alignment=&#8221;right&#8221; custom_margin=&#8221;40px||20px|&#8221; locked=&#8221;off&#8221; global_colors_info=&#8221;{}&#8221;]<\/p>\n<h3>LOCATION<\/h3>\n<p>[\/et_pb_text][et_pb_divider color=&#8221;#c2ab92&#8243; divider_weight=&#8221;2px&#8221; _builder_version=&#8221;4.16&#8243; max_width=&#8221;150px&#8221; height=&#8221;2px&#8221; custom_margin=&#8221;|||&#8221; custom_padding=&#8221;|||-60px&#8221; custom_padding_tablet=&#8221;|0px||&#8221; custom_padding_last_edited=&#8221;off|desktop&#8221; locked=&#8221;off&#8221; global_colors_info=&#8221;{}&#8221;][\/et_pb_divider][et_pb_text _builder_version=&#8221;4.16&#8243; text_font=&#8221;Karla||||||||&#8221; text_font_size=&#8221;18px&#8221; text_line_height=&#8221;1.8em&#8221; header_font=&#8221;||||||||&#8221; header_2_font=&#8221;Cormorant Garamond||||||||&#8221; header_2_font_size=&#8221;40px&#8221; header_2_line_height=&#8221;1.4em&#8221; header_3_font=&#8221;||||||||&#8221; max_width=&#8221;578px&#8221; module_alignment=&#8221;right&#8221; custom_margin=&#8221;0px|||57px&#8221; locked=&#8221;off&#8221; global_colors_info=&#8221;{}&#8221;]<\/p>\n<h2><\/h2>\n<h2><\/h2>\n<h2>Nel cuore di Firenze<\/h2>\n<p style=\"text-align: justify;\">La Loggia si trova nel cuore di Firenze, a pochi minuti dai luoghi chiave della citt\u00e1, come gli Uffizzi, il &#8220;Duomo di Firenze&#8221; ed il Bargello.\u00a0<\/p>\n<p style=\"text-align: justify;\">\n<p>[\/et_pb_text][\/et_pb_column][et_pb_column type=&#8221;1_2&#8243; _builder_version=&#8221;4.16&#8243; custom_padding=&#8221;0px|8%|0px|4%&#8221; custom_padding_tablet=&#8221;60px|10%|60px|10%&#8221; custom_padding_phone=&#8221;&#8221; custom_padding_last_edited=&#8221;on|phone&#8221; global_colors_info=&#8221;{}&#8221; custom_padding__hover=&#8221;|||&#8221;][et_pb_image src=&#8221;https:\/\/larovaia.com\/wp-content\/uploads\/2019\/05\/9.jpg&#8221; align_tablet=&#8221;center&#8221; align_phone=&#8221;&#8221; align_last_edited=&#8221;on|desktop&#8221; _builder_version=&#8221;4.16&#8243; max_width_last_edited=&#8221;off|desktop&#8221; module_alignment=&#8221;center&#8221; custom_margin=&#8221;|0%||17%&#8221; custom_margin_tablet=&#8221;|10%||10%&#8221; custom_margin_phone=&#8221;&#8221; custom_margin_last_edited=&#8221;on|phone&#8221; custom_padding=&#8221;|||&#8221; animation_style=&#8221;slide&#8221; animation_direction=&#8221;right&#8221; animation_intensity_slide=&#8221;4%&#8221; animation_starting_opacity=&#8221;50%&#8221; box_shadow_style=&#8221;preset3&#8243; box_shadow_blur=&#8221;80px&#8221; global_colors_info=&#8221;{}&#8221;][\/et_pb_image][\/et_pb_column][\/et_pb_row][\/et_pb_section][et_pb_section fb_built=&#8221;1&#8243; admin_label=&#8221;Footer Section&#8221; _builder_version=&#8221;4.4.6&#8243; background_color=&#8221;#148406&#8243; background_color_gradient_direction=&#8221;345deg&#8221; custom_padding=&#8221;0|0px|0|0px|false|false&#8221; top_divider_style=&#8221;asymmetric&#8221; top_divider_color=&#8221;#ffffff&#8221; top_divider_height=&#8221;150px&#8221; top_divider_flip=&#8221;horizontal&#8221; global_module=&#8221;2957&#8243; saved_tabs=&#8221;all&#8221; global_colors_info=&#8221;{}&#8221;][et_pb_row column_structure=&#8221;1_4,1_4,1_4,1_4&#8243; use_custom_gutter=&#8221;on&#8221; gutter_width=&#8221;4&#8243; make_equal=&#8221;on&#8221; admin_label=&#8221;Footer Row&#8221; module_class=&#8221;footer_row et_pb_row_fullwidth&#8221; _builder_version=&#8221;4.16&#8243; width=&#8221;86%&#8221; width_tablet=&#8221;80%&#8221; width_phone=&#8221;&#8221; width_last_edited=&#8221;on|desktop&#8221; max_width=&#8221;86%&#8221; max_width_tablet=&#8221;80%&#8221; max_width_phone=&#8221;&#8221; max_width_last_edited=&#8221;on|desktop&#8221; custom_margin=&#8221;||&#8221; custom_padding=&#8221;50px||15px||false|false&#8221; make_fullwidth=&#8221;on&#8221; global_colors_info=&#8221;{}&#8221;][et_pb_column type=&#8221;1_4&#8243; _builder_version=&#8221;4.16&#8243; custom_padding=&#8221;|||&#8221; global_colors_info=&#8221;{}&#8221; custom_padding__hover=&#8221;|||&#8221;][et_pb_image src=&#8221;https:\/\/larovaia.com\/wp-content\/uploads\/2019\/05\/test-logo-transparent.png&#8221; align_tablet=&#8221;center&#8221; align_phone=&#8221;&#8221; align_last_edited=&#8221;on|desktop&#8221; admin_label=&#8221;logo&#8221; _builder_version=&#8221;4.16&#8243; global_colors_info=&#8221;{}&#8221;][\/et_pb_image][\/et_pb_column][et_pb_column type=&#8221;1_4&#8243; _builder_version=&#8221;4.16&#8243; custom_padding=&#8221;50px|||&#8221; custom_css_main_element=&#8221;display:flex;||justify-content:center;&#8221; global_colors_info=&#8221;{}&#8221; custom_padding__hover=&#8221;|||&#8221;][et_pb_social_media_follow _builder_version=&#8221;4.24.2&#8243; hover_enabled=&#8221;0&#8243; global_colors_info=&#8221;{}&#8221; sticky_enabled=&#8221;0&#8243;][et_pb_social_media_follow_network social_network=&#8221;facebook&#8221; url=&#8221;https:\/\/www.facebook.com\/larovaia&#8221; _builder_version=&#8221;4.16&#8243; background_color=&#8221;#3b5998&#8243; global_colors_info=&#8221;{}&#8221; follow_button=&#8221;off&#8221; url_new_window=&#8221;on&#8221;]facebook[\/et_pb_social_media_follow_network][et_pb_social_media_follow_network social_network=&#8221;twitter&#8221; url=&#8221;https:\/\/twitter.com\/LaRovaiaRentals&#8221; _builder_version=&#8221;4.22.2&#8243; background_color=&#8221;#000000&#8243; global_colors_info=&#8221;{}&#8221; follow_button=&#8221;off&#8221; url_new_window=&#8221;on&#8221;]twitter[\/et_pb_social_media_follow_network][et_pb_social_media_follow_network social_network=&#8221;pinterest&#8221; url=&#8221;https:\/\/it.pinterest.com\/LRrentals&#8221; _builder_version=&#8221;4.16&#8243; background_color=&#8221;#cb2027&#8243; global_colors_info=&#8221;{}&#8221; follow_button=&#8221;off&#8221; url_new_window=&#8221;on&#8221;]pinterest[\/et_pb_social_media_follow_network][et_pb_social_media_follow_network social_network=&#8221;instagram&#8221; url=&#8221;https:\/\/www.instagram.com\/lr_rentals&#8221; _builder_version=&#8221;4.16&#8243; background_color=&#8221;#ea2c59&#8243; global_colors_info=&#8221;{}&#8221; follow_button=&#8221;off&#8221; url_new_window=&#8221;on&#8221;]instagram[\/et_pb_social_media_follow_network][\/et_pb_social_media_follow][\/et_pb_column][et_pb_column type=&#8221;1_4&#8243; _builder_version=&#8221;4.16&#8243; custom_padding=&#8221;50px|||&#8221; global_colors_info=&#8221;{}&#8221; custom_padding__hover=&#8221;|||&#8221;][et_pb_text admin_label=&#8221;Links&#8221; module_class=&#8221;footer_contact&#8221; _builder_version=&#8221;4.16&#8243; text_font=&#8221;Open Sans||||||||&#8221; text_text_color=&#8221;#ffffff&#8221; text_font_size=&#8221;17px&#8221; text_line_height=&#8221;1.4em&#8221; link_font=&#8221;Open Sans|600|||||||&#8221; link_text_color=&#8221;#ffffff&#8221; link_line_height=&#8221;2.5em&#8221; header_font=&#8221;||||||||&#8221; header_2_font=&#8221;||||||||&#8221; header_3_font=&#8221;||||||||&#8221; header_6_font=&#8221;Oswald|500||on|||||&#8221; header_6_text_color=&#8221;rgba(255,255,255,0.4)&#8221; header_6_letter_spacing=&#8221;2px&#8221; header_6_line_height=&#8221;1.7em&#8221; background_layout=&#8221;dark&#8221; module_alignment=&#8221;center&#8221; custom_margin=&#8221;|-58px||&#8221; custom_margin_tablet=&#8221;0px|||&#8221; custom_margin_phone=&#8221;|||&#8221; custom_margin_last_edited=&#8221;off|desktop&#8221; custom_padding=&#8221;22px|||0px&#8221; text_line_height_last_edited=&#8221;off|desktop&#8221; global_colors_info=&#8221;{}&#8221;]<\/p>\n<h6>Contatti<\/h6>\n<p>Per ogni questione, ci potete contattare al:<br \/>\n<strong><em>(+39) 3803040546<\/em><\/strong><br \/>\n<em><strong>(+39) 3803171954<\/strong><\/em><br \/>\n<em><strong>(+39) 3472686288<\/strong><\/em><\/p>\n<p><i class=\"fas fa-envelope\" style=\"padding-right: 5px;\"><\/i><em><strong>info@larovaia.com<\/strong><\/em>[\/et_pb_text][\/et_pb_column][et_pb_column type=&#8221;1_4&#8243; _builder_version=&#8221;4.16&#8243; custom_padding=&#8221;50px|||&#8221; custom_css_main_element=&#8221;display: flex;||justify-content: center;&#8221; global_colors_info=&#8221;{}&#8221; custom_padding__hover=&#8221;|||&#8221;][et_pb_code module_class=&#8221;footer_certificate&#8221; _builder_version=&#8221;4.16&#8243; max_width=&#8221;70%&#8221; custom_margin=&#8221;|0px||0px&#8221; custom_margin_tablet=&#8221;|||0px&#8221; custom_margin_phone=&#8221;&#8221; custom_margin_last_edited=&#8221;on|phone&#8221; custom_padding=&#8221;50px|0px||0px&#8221; custom_padding_tablet=&#8221;0px||20px&#8221; custom_padding_phone=&#8221;0px||20px&#8221; custom_padding_last_edited=&#8221;on|desktop&#8221; global_colors_info=&#8221;{}&#8221;]<\/p>\n<div class=\"tavr_certificate_of_excellence\"  style=\"height:150px;width:150px;text-align:center;border:0px solid;\" data-rid=\"30171\" data-year=\"2018\" data-locale=\"en_GB\" ><!-- [et_pb_line_break_holder] --><a target=\"_blank\" style=\"text-decoration:none !important;font-family: 'Oswald',Helvetica,Arial,Lucida,sans-serif;font-weight: 500;text-transform: uppercase;color: rgba(255,255,255,0.4) !important;letter-spacing: 2px;line-height: 1.7em;\" href=\"https:\/\/www.tripadvisor.co.uk\/VacationRentalReview-g187895-d1983927\" rel=\"noopener noreferrer\">                                                                                                    <\/a><!-- [et_pb_line_break_holder] --><\/div>\n<p><!-- [et_pb_line_break_holder] --><script  src=\"https:\/\/rentals-cdn.tacdn.com\/publicjs\/coeWidget.js\"  type=\"text\/javascript\" ><\/script>[\/et_pb_code][\/et_pb_column][\/et_pb_row][\/et_pb_section]<\/p>\n","protected":false},"excerpt":{"rendered":"<p>ABOUT USUn loft senza eguali Stare alla Loggia \u00e8 come essere sulla tolda di una nave, sotto per\u00f2 non vi \u00e8 il mare, ma la citt\u00e0 di Firenze. Da essa si domina tutta la citt\u00e0 ed i suoi monumenti pi\u00f9 belli, grazie alle grandi vetrate che la delimitano su tre lati. Si ammirano da sud [&hellip;]<\/p>\n","protected":false},"author":1,"featured_media":0,"parent":1696,"menu_order":0,"comment_status":"closed","ping_status":"closed","template":"","meta":{"_et_pb_use_builder":"on","_et_pb_old_content":"","_et_gb_content_width":"","footnotes":""},"wf_page_folders":[],"class_list":["post-2909","page","type-page","status-publish","hentry"],"_links":{"self":[{"href":"https:\/\/larovaia.com\/it\/wp-json\/wp\/v2\/pages\/2909","targetHints":{"allow":["GET"]}}],"collection":[{"href":"https:\/\/larovaia.com\/it\/wp-json\/wp\/v2\/pages"}],"about":[{"href":"https:\/\/larovaia.com\/it\/wp-json\/wp\/v2\/types\/page"}],"author":[{"embeddable":true,"href":"https:\/\/larovaia.com\/it\/wp-json\/wp\/v2\/users\/1"}],"replies":[{"embeddable":true,"href":"https:\/\/larovaia.com\/it\/wp-json\/wp\/v2\/comments?post=2909"}],"version-history":[{"count":11,"href":"https:\/\/larovaia.com\/it\/wp-json\/wp\/v2\/pages\/2909\/revisions"}],"predecessor-version":[{"id":3033,"href":"https:\/\/larovaia.com\/it\/wp-json\/wp\/v2\/pages\/2909\/revisions\/3033"}],"up":[{"embeddable":true,"href":"https:\/\/larovaia.com\/it\/wp-json\/wp\/v2\/pages\/1696"}],"wp:attachment":[{"href":"https:\/\/larovaia.com\/it\/wp-json\/wp\/v2\/media?parent=2909"}],"wp:term":[{"taxonomy":"wf_page_folders","embeddable":true,"href":"https:\/\/larovaia.com\/it\/wp-json\/wp\/v2\/wf_page_folders?post=2909"}],"curies":[{"name":"wp","href":"https:\/\/api.w.org\/{rel}","templated":true}]}}